{"id":2265,"date":"2022-08-30T23:27:01","date_gmt":"2022-08-30T21:27:01","guid":{"rendered":"https:\/\/www.appartement-katharina.at\/summer\/motorcycle-vacation\/"},"modified":"2022-08-31T05:48:33","modified_gmt":"2022-08-31T03:48:33","slug":"motorcycle-vacation","status":"publish","type":"page","link":"https:\/\/www.appartement-katharina.at\/en\/summer\/motorcycle-vacation\/","title":{"rendered":"Motorcycle vacation"},"content":{"rendered":"\n<h1 class=\"wp-block-heading\">MOTORCYCLE VACATION<\/h1>\n\n<h2 class=\"wp-block-heading\">MOTORCYCLE VACATION IN APARTMENT HAUS KATHARINA<\/h2>\n\n<p><strong>Motorcycle, wellness in Kaprun, culinary and much more &#8230; Experience up close Gro\u00dfglockner, Lienz Dolomites, Dientner Sattel and Gerlospass!<\/strong><\/p>\n\n<ul class=\"wp-block-list\"><li>Verspeerbarer shelter<\/li><li>Possibility of washing clothes<\/li><li>Shoe dryer<\/li><li>Current weather report<\/li><li>Extensive information material<\/li><li>Personal information of the hosts<\/li><\/ul>\n\n<hr class=\"wp-block-separator has-alpha-channel-opacity\"\/>\n\n<p><strong>Here is a selection of tour descriptions:<\/strong><\/p>\n\n<h3 class=\"wp-block-heading\">TOUR 1 &#8211; GLOCKNER TOUR FULL DAY<\/h3>\n\n<p>Kaprun &#8211; Bruck &#8211; Fusch &#8211; Gro\u00dfglockner-Hochalpenstra\u00dfe (2505 m &#8211; toll A 17,-) &#8211; Heiligenblut (B 107) &#8211; Winklern (B106) &#8211; Obervellach* (B 106 &#8211; B 100) &#8211; Spittal a.d. Drau (B 99 &#8211; B 98) &#8211; Gm\u00fcnd (B 99) &#8211; Rennweg &#8211; Katschberg (1641 m) &#8211; St. Michael im Lungau &#8211; Mauterndorf &#8211; Tweng &#8211; Twenger Talpa\u00df &#8211; Radst\u00e4dter Tauern (1739 m) &#8211; Obertauern &#8211; Radstadt &#8211; Bischofshofen (B 164) &#8211; M\u00fchlbach am Hochk\u00f6nig &#8211; Dientner Sattel (1357 m) &#8211; Dienten &#8211; Filzensattel (1291 m) &#8211; Hinterthal &#8211; Maria Alm &#8211; Saalfelden (B 311) &#8211; Zell am See &#8211; Kaprun<\/p>\n\n<p><br\/><strong>Special features of this tour:<\/strong><\/p>\n\n<p><br\/>Approx. 5,000 meters in altitude, a long day tour with the most beautiful passes in the Austrian Alps. approx. 360 km &#8211; *possibility: shortcut at Obervellach with railroad lock to B\u00f6ckstein-Gasteinertal valley<\/p>\n\n<hr class=\"wp-block-separator has-alpha-channel-opacity\"\/>\n\n<h3 class=\"wp-block-heading\">TOUR 2 &#8211; GROSSGLOCKNER TOUR HALF DAY<\/h3>\n\n<p>Kaprun- Bruck &#8211; Fusch &#8211; Gro\u00dfglockner-Hochalpenstra\u00dfe (toll EUR 17,-) &#8211; Edelweissspitze- Franz Josefs H\u00f6he &#8211; and back&#8230;<\/p>\n\n<p><br\/><strong>Special features of this tour:<\/strong><\/p>\n\n<p><br\/>Leisurely day tour that leaves enough time for visiting exhibitions on the Gro\u00dfglockner and for breaks (marmots, Zell am See). Approx. 168 km<\/p>\n\n<hr class=\"wp-block-separator has-alpha-channel-opacity\"\/>\n\n<h3 class=\"wp-block-heading\">TOUR 3 &#8211; GERLOSPASS<\/h3>\n\n<p>Kaprun &#8211; Mittersill (B 165) -Krimml &#8211; Gerlosstra\u00dfe &#8211; Gerlos Pass (1507 m &#8211; toll EUR 4,-) &#8211; Gerlos &#8211; Zell am Ziller (B 169, direction Mayrhofen) &#8211; at Ramsberg turn right = beginning of the Zillertaler H\u00f6henstra\u00dfe (2133 m &#8211; toll EUR 3,50) to Ried im Zillertal (B 169 &#8211; out of the valley, direction Wiesing &#8211; B 171) &#8211; Kundl &#8211; W\u00f6rgl (B 312) &#8211; St. Johann in Tirol &#8211; Waidring &#8211; St.Martin\/Lofer &#8211; Saalfelden &#8211; Zell am See &#8211; Kaprun.<\/p>\n\n<p><br\/><strong>Special features of this tour:<\/strong><\/p>\n\n<p><br\/>Over the Gerlos Pass into the Zillertal &#8211; out of the valley on the narrow and winding high road (Rattenberg &#8211; historic Tyrolean town with glass manufactories). Approx. 270 km<\/p>\n\n<hr class=\"wp-block-separator has-alpha-channel-opacity\"\/>\n\n<h3 class=\"wp-block-heading\">TOUR 4 &#8211; DIENTNER SADDLE<\/h3>\n\n<p>Kaprun &#8211; Zell am See &#8211; Saalfelden (B 164) &#8211; Maria Alm &#8211; Hinterthal &#8211; Filzensattel(1291 m) &#8211; Dienten &#8211; Dientner Sattel (1357 m) &#8211; M\u00fchlbach am Hochk\u00f6nig &#8211; Bischofshofen (B 159) &#8211; Werfen &#8211; Golling (B 162, direction Abtenau) &#8211; Scheffau &#8211; turn right at Voglau = beginning of Postalmstra\u00dfe (toll) &#8211; Wei\u00dfenbach &#8211; Strobl (B 158) &#8211; St. Gilgen &#8211; Hof (B 158) &#8211; Salzburgring &#8211; turn left towards Ebenau &#8211; Postalmstra\u00dfe (1823 m toll EUR 2.50) Hallein &#8211; Bad D\u00fcrrnberg (Ro\u00dffeld H\u00f6henstra\u00dfe) &#8211; Berchtesgaden (305) &#8211; German Alpine Road &#8211; Schneizlreuth &#8211; Unken &#8211; St.Martin\/Lofer &#8211; Saalfelden &#8211; Zell am See &#8211; Kaprun.<\/p>\n\n<p><strong>Special features of this tour:<\/strong><\/p>\n\n<p><br\/>Day tour with many different sights and destinations: Eisriesenwelt Werfen &#8211; Salzkammergut lakes (Wei\u00dfes R\u00f6ssl &#8211; swimwear!) &#8211; D\u00fcrrnberg salt mine or in Berchtesgaden &#8211; Kehlsteinhaus &#8211; K\u00f6nigssee. approx. 275 km &#8211; Franz Josefs H\u00f6he &#8211; and back.<\/p>\n\n<h4 class=\"wp-block-heading\">&#8220;Four wheels move the body &#8211; two move the soul&#8221; Author unknown<\/h4>\n","protected":false},"excerpt":{"rendered":"<p>MOTORCYCLE VACATION MOTORCYCLE VACATION IN APARTMENT HAUS KATHARINA Motorcycle, wellness in Kaprun, culinary and much more &#8230; Experience up close Gro\u00dfglockner, Lienz Dolomites, Dientner Sattel and Gerlospass! Verspeerbarer shelter Possibility of washing clothes Shoe dryer Current weather report Extensive information material Personal information of the hosts Here is a selection of tour descriptions: TOUR 1 [&hellip;]<\/p>\n","protected":false},"author":4,"featured_media":1394,"parent":2258,"menu_order":6,"comment_status":"closed","ping_status":"closed","template":"","meta":{"_acf_changed":false,"powered_cache_disable_cache":false,"powered_cache_disable_lazyload":false,"powered_cache_disable_css_optimization":false,"footnotes":""},"class_list":["post-2265","page","type-page","status-publish","has-post-thumbnail","hentry"],"acf":[],"_links":{"self":[{"href":"https:\/\/www.appartement-katharina.at\/en\/wp-json\/wp\/v2\/pages\/2265","targetHints":{"allow":["GET"]}}],"collection":[{"href":"https:\/\/www.appartement-katharina.at\/en\/wp-json\/wp\/v2\/pages"}],"about":[{"href":"https:\/\/www.appartement-katharina.at\/en\/wp-json\/wp\/v2\/types\/page"}],"author":[{"embeddable":true,"href":"https:\/\/www.appartement-katharina.at\/en\/wp-json\/wp\/v2\/users\/4"}],"replies":[{"embeddable":true,"href":"https:\/\/www.appartement-katharina.at\/en\/wp-json\/wp\/v2\/comments?post=2265"}],"version-history":[{"count":0,"href":"https:\/\/www.appartement-katharina.at\/en\/wp-json\/wp\/v2\/pages\/2265\/revisions"}],"up":[{"embeddable":true,"href":"https:\/\/www.appartement-katharina.at\/en\/wp-json\/wp\/v2\/pages\/2258"}],"wp:featuredmedia":[{"embeddable":true,"href":"https:\/\/www.appartement-katharina.at\/en\/wp-json\/wp\/v2\/media\/1394"}],"wp:attachment":[{"href":"https:\/\/www.appartement-katharina.at\/en\/wp-json\/wp\/v2\/media?parent=2265"}],"curies":[{"name":"wp","href":"https:\/\/api.w.org\/{rel}","templated":true}]}}